{"id":86,"date":"2013-04-03T23:27:44","date_gmt":"2013-04-03T21:27:44","guid":{"rendered":"http:\/\/blog.oley-iiv.de\/?page_id=86"},"modified":"2017-02-22T23:53:57","modified_gmt":"2017-02-22T22:53:57","slug":"cv","status":"publish","type":"page","link":"http:\/\/blog.oley-iiv.de\/?page_id=86","title":{"rendered":"Reiner Oley CV"},"content":{"rendered":"\n<!-- wpsso pinterest pin it image added on 2026-04-16T05:23:05+00:00 -->\n<div class=\"wpsso-pinterest-pin-it-image\" style=\"display:none !important;\">\n\t<img src=\"http:\/\/blog.oley-iiv.de\/wp-content\/uploads\/2013\/02\/cropped-FacebookTitel-e1487797004671.jpg\" width=\"0\" height=\"0\" class=\"skip-lazy\" style=\"width:0;height:0;\" alt=\"\" data-pin-description=\"No Description.\" \/>\n<\/div><!-- .wpsso-pinterest-pin-it-image -->\n\n<table width=\"98%\" cellspacing=\"0\" cellpadding=\"0\">\n<tbody>\n<tr>\n<td colspan=\"2\" align=\"center\" valign=\"top\">\n<table>\n<tbody>\n<tr>\n<td>Pers\u00f6nliche Daten<\/td>\n<\/tr>\n<tr>\n<td>\n<table border=\"0\" summary=\"\" cellspacing=\"0\">\n<tbody>\n<tr>\n<td>Name<\/td>\n<td>Reiner Oley<\/td>\n<\/tr>\n<tr>\n<td>Nationalit\u00e4t<\/td>\n<td>Deutsch\/German<\/td>\n<\/tr>\n<tr>\n<td>Geburtsjahr\/Year of Birth<\/td>\n<td>1961<\/td>\n<\/tr>\n<tr>\n<td>Ausbildung<\/td>\n<td>Dipl.-Ing. f\u00fcr Informationstechnik<\/td>\n<\/tr>\n<\/tbody>\n<\/table>\n<\/td>\n<\/tr>\n<\/tbody>\n<\/table>\n<table>\n<tbody>\n<tr>\n<td>Ausbildung und beruflicher Werdegang<\/td>\n<\/tr>\n<tr>\n<td>\n<table border=\"0\" cellspacing=\"0\">\n<tbody>\n<tr>\n<td valign=\"top\" width=\"35%\">seit 2009<\/td>\n<td valign=\"top\">Oley Institut f\u00fcr Innovatives\u00a0Ver\u00e4nderungs- und Gesch\u00e4ftsprozessmanagement<\/td>\n<\/tr>\n<tr>\n<td valign=\"top\" width=\"35%\">2004-2009<\/td>\n<td valign=\"top\">Nemak Wernigerode GmbH (fr\u00fcher Rautenbach AG)<\/td>\n<\/tr>\n<tr>\n<td valign=\"top\" width=\"35%\">1997-2003<\/td>\n<td valign=\"top\">Thales Information Systems GmbH<br \/>\n(firmierte vorher unter Software Union\/Syseca)<\/td>\n<\/tr>\n<tr>\n<td valign=\"top\">1994-1997<\/td>\n<td valign=\"top\">Escom AG<\/td>\n<\/tr>\n<tr>\n<td valign=\"top\">1992-1994<\/td>\n<td valign=\"top\">Alpha 2000 Copmuter- und B\u00fcrosysteme GmbH<\/td>\n<\/tr>\n<tr>\n<td valign=\"top\">1989-1992<\/td>\n<td valign=\"top\">IWG Belt GmbH<\/td>\n<\/tr>\n<tr>\n<td valign=\"top\">1984-1989<\/td>\n<td valign=\"top\">Technische Universit\u00e4t Karl-Marx-Stadt\/Chemnitz<\/td>\n<\/tr>\n<tr>\n<td valign=\"top\">1981-1984<\/td>\n<td valign=\"top\">Wehrdienst<\/td>\n<\/tr>\n<tr>\n<td valign=\"top\">1978-1981<\/td>\n<td valign=\"top\">Betriebsberufsschule Fritz Heckert Karl-Marx-Stadt<\/td>\n<\/tr>\n<tr>\n<td valign=\"top\">1968-1978<\/td>\n<td valign=\"top\">Polytechnische Oberschule J.-W.-Goethe Karl-Marx-Stadt<\/td>\n<\/tr>\n<\/tbody>\n<\/table>\n<\/td>\n<\/tr>\n<\/tbody>\n<\/table>\n<table>\n<tbody>\n<tr>\n<td>Projekterfahrung (Beispiele)<\/td>\n<\/tr>\n<tr>\n<td>\n<table border=\"0\" cellspacing=\"0\">\n<tbody>\n<tr>\n<td valign=\"top\" width=\"35%\">Carsten B\u00f6hm Unternehmensberatung<\/td>\n<td valign=\"top\">F\u00fchrungskr\u00e4fteentwicklung und Verkaufstrainings im bundesweiten Einzelhandel, zB. REWE, M\u00f6bel H\u00f6ffner, M\u00f6bel Kraft<\/td>\n<\/tr>\n<tr>\n<td valign=\"top\" width=\"35%\">Ministerium Litauen<\/td>\n<td valign=\"top\">Systemkonzeption EU-F\u00f6rdermittelverwaltung<\/td>\n<\/tr>\n<tr>\n<td valign=\"top\" width=\"35%\">Bundesministerium<\/td>\n<td valign=\"top\">Erstellung von Ausschreibungsunterlagen<\/td>\n<\/tr>\n<tr>\n<td valign=\"top\" width=\"35%\">Bundesministerium<\/td>\n<td valign=\"top\">Prozess-Istanalysen, funktionale und datentechnische Anforderungsbeschreibungen, IT-Konzepte<\/td>\n<\/tr>\n<tr>\n<td valign=\"top\">Projekttr\u00e4gergesellschaft in Treuhandnachfolge<\/td>\n<td valign=\"top\">Personalbedarfsanalyse f\u00fcr die operativen und administrativen Prozesse<br \/>\nStudie zur Struktur von DV-Komponenten<\/td>\n<\/tr>\n<tr>\n<td valign=\"top\">Projekttr\u00e4gergessellschaft in Treuhandnachfolge<\/td>\n<td valign=\"top\">Konzepterstellung und Coaching der Arbeitsgruppe Euro-Einf\u00fchrung<br \/>\nGIS-Unterst\u00fctzung zur Erstellung von Nachnutzungskonzepten von Bergbaufolgelandschaften<br \/>\nBegleitung des Outsourcing eines Rechenzentrums<\/td>\n<\/tr>\n<tr>\n<td valign=\"top\">Politische Stiftung<\/td>\n<td valign=\"top\">DV-Konzept nach Zusammenf\u00fchrung von drei Stiftungen<br \/>\nOrganisations- und Prozessberatung zur Einf\u00fchrung eins Projektverwaltungsprogrammes<\/td>\n<\/tr>\n<tr>\n<td valign=\"top\">Telekommunikations-konzern \u00d6sterreichs als GU<\/td>\n<td valign=\"top\">Entwicklung eines Prototypen f\u00fcr ein Chipkarten-basiertes Abrechnungssystem f\u00fcr Sozialversicherungstr\u00e4ger<\/td>\n<\/tr>\n<tr>\n<td valign=\"top\">Sozialversicherungstr\u00e4ger<\/td>\n<td valign=\"top\">Entwicklung eines UserHelp-Desk-Konzeptes<br \/>\nUnterst\u00fctzung bei der Entwicklung eines IT-Kompetenzcenters<\/td>\n<\/tr>\n<tr>\n<td valign=\"top\">Verschiedenes<\/td>\n<td valign=\"top\">Internet-Konzept f\u00fcr ein Landesministerium<br \/>\nKriterienkatalog zur Softwareauswahl f\u00fcr ein bundesweites Catering-Unternehmen<br \/>\nHistorisierungs- und Archivierungs-Konzept f\u00fcr ein DataWarehouse im Bankenbereich<br \/>\nFunktionsanalyse f\u00fcr ein Fahrpreiskonzept eines Transportunternehmens<br \/>\nDV-(GIS)-Unterst\u00fctzung f\u00fcr ein Dorferneuerungskonzept<\/td>\n<\/tr>\n<tr>\n<td valign=\"top\">Bemerkungen<\/td>\n<td valign=\"top\">In fast allen genannten Projekten \u00fcbernahm ich Projekt- oder Teilprojektleitungsaufgaben.<br \/>\nDie Spannbreite im verantworteten Budget reichte von 10 T\u20ac bis 2.500 T\u20ac, die Projektdauer von 10 bis ca. 750 Projekttagen und zwischen 2 und 12 Mitarbeiter waren jeweils zu f\u00fchren.<\/td>\n<\/tr>\n<\/tbody>\n<\/table>\n<\/td>\n<\/tr>\n<\/tbody>\n<\/table>\n<\/td>\n<td align=\"center\" valign=\"top\" width=\"33%\">\n<table>\n<tbody>\n<tr>\n<td>Nebens\u00e4chliches<\/td>\n<\/tr>\n<tr>\n<td>Ein gro\u00dfes Projekt ist &#8211; gemeinsam mit meiner Frau Ute, unsere <a title=\"Cahokia\" href=\"http:\/\/www.cahokia-reitschule.de\/\">Cahokia Reitschule<\/a>. N\u00e4here Informationen dazu gibt es auf der Homepage &#8211; wir suchen f\u00fcr das Projekt Integratives Reiten immer Sponsoren.<\/td>\n<\/tr>\n<\/tbody>\n<\/table>\n<table>\n<tbody>\n<tr>\n<td>Branchenkenntnisse<\/td>\n<\/tr>\n<tr>\n<td>Industrie, \u00d6ffentlicher Sektor, Gro\u00df- und Einzelhandel, Banken<\/td>\n<\/tr>\n<\/tbody>\n<\/table>\n<table>\n<tbody>\n<tr>\n<td>Erfahrungen in der Management- und Prozessberatung<\/td>\n<\/tr>\n<tr>\n<td>Organisations- und Prozessberatung<br \/>\nProjektleitung, Projektkoordination<br \/>\nMarkt- und Produktanalyse, Kundenanalyse, IT-Analyse<br \/>\nKonzepte f\u00fcr IT-Management, e-Business, IT-Einf\u00fchrung<br \/>\nStrategieentwicklung f\u00fcr IT-L\u00f6sungen, regionale und \u00f6rtliche Entwicklung, Wirtschaftlichkeit<\/td>\n<\/tr>\n<\/tbody>\n<\/table>\n<table>\n<tbody>\n<tr>\n<td>IT-Schwerpunkt<\/td>\n<\/tr>\n<tr>\n<td>\n<dl>\n<dt>Schwerpunkt<\/dt>\n<dd>Projektmanagement Applikations-Entwicklung, -Einf\u00fchrung und -Integration<\/dd>\n<dt>Hardware<\/dt>\n<dd>PC, MAC-Umfeld, Vertrieb, Generalist Netz- und Systemtechnik<\/dd>\n<dt>Betriebssysteme<\/dt>\n<dd>DOS, Win 3.x\/95\/98\/NT\/2000\/XP, Unix-\/Linux-Derivate<\/dd>\n<dt>Datenbanken<\/dt>\n<dd>MS-Access, SQL<\/dd>\n<dt>Programmiersprachen<\/dt>\n<dd>Pascal, Ansi-C, HTML, XML, JavaScript<\/dd>\n<dt>Software-Tools<\/dt>\n<dd>\n<ul type=\"circle\">\n<li>Unix-Compiler-Werkzeuge: lex, yacc<\/li>\n<li>Diverse Unix-Werkzeuge: vi etc.<\/li>\n<li>HTML-Editor: MS-Frontpage, AceHTMLXPro<\/li>\n<li>Java-Entwicklungsumgebung: Symantec VisualCafe 1.1<\/li>\n<li>Prozess-Modellierung: ARIS-Toolset, case\/4\/0<\/li>\n<li>Projek-Management: MS-Project, MS-Office, LotusNotes<\/li>\n<\/ul>\n<\/dd>\n<dt>Zertifizierung<\/dt>\n<dd>Persolog(R)<br \/>\nWebmaster<\/dd>\n<\/dl>\n<\/td>\n<\/tr>\n<\/tbody>\n<\/table>\n<table>\n<tbody>\n<tr>\n<td>Organisationen<\/td>\n<\/tr>\n<tr>\n<td>In den folgenden Organisationen bin ich Gr\u00fcndungsmitglied und aktiv t\u00e4tig:<br \/>\nDKBC: Deutsch-kanadischer Business Club Berlin-Brandenburg<br \/>\nPMI Chapter Berlin: Berlin-Brandenburger Chapter des Project Management Institut im Status eines Chapters<\/td>\n<\/tr>\n<tr>\n<td>Die nachfolgenden Organisationen kenne ich durch aktive Kontakte:<br \/>\nBITKOM: Deutscher Verband der Informations- und Telekommunikationswirtschaft<br \/>\nmedianet Berlin: Berliner Verein der Medienwirtschaft<\/td>\n<\/tr>\n<\/tbody>\n<\/table>\n<table>\n<tbody>\n<tr>\n<td>Sprachen<\/td>\n<\/tr>\n<tr>\n<td>Deutsch: Mutterspache<br \/>\nEnglisch: Verhandlungssicher<br \/>\nRussisch: Grundkenntnisse<br \/>\nFranz\u00f6sisch: Grundkenntnisse<\/td>\n<\/tr>\n<\/tbody>\n<\/table>\n<\/td>\n<\/tr>\n<\/tbody>\n<\/table>\n","protected":false},"excerpt":{"rendered":"<p>Pers\u00f6nliche Daten Name Reiner Oley Nationalit\u00e4t Deutsch\/German Geburtsjahr\/Year of Birth 1961 Ausbildung Dipl.-Ing. f\u00fcr Informationstechnik Ausbildung und beruflicher Werdegang seit 2009 Oley Institut f\u00fcr Innovatives\u00a0Ver\u00e4nderungs- und Gesch\u00e4ftsprozessmanagement 2004-2009 Nemak Wernigerode GmbH (fr\u00fcher Rautenbach AG) 1997-2003 Thales Information Systems GmbH (firmierte vorher unter Software Union\/Syseca) 1994-1997 Escom AG 1992-1994 Alpha 2000 Copmuter- und B\u00fcrosysteme GmbH 1989-1992 IWG Belt GmbH 1984-1989 Technische Universit\u00e4t Karl-Marx-Stadt\/Chemnitz 1981-1984 Wehrdienst 1978-1981 Betriebsberufsschule Fritz Heckert Karl-Marx-Stadt 1968-1978 Polytechnische Oberschule J.-W.-Goethe Karl-Marx-Stadt Projekterfahrung (Beispiele) Carsten B\u00f6hm Unternehmensberatung F\u00fchrungskr\u00e4fteentwicklung und Verkaufstrainings im bundesweiten Einzelhandel, zB. REWE, M\u00f6bel H\u00f6ffner, M\u00f6bel Kraft Ministerium Litauen Systemkonzeption EU-F\u00f6rdermittelverwaltung Bundesministerium Erstellung von Ausschreibungsunterlagen Bundesministerium Prozess-Istanalysen, funktionale und datentechnische Anforderungsbeschreibungen, IT-Konzepte Projekttr\u00e4gergesellschaft in Treuhandnachfolge Personalbedarfsanalyse &hellip; <a href=\"http:\/\/blog.oley-iiv.de\/?page_id=86\" class=\"more-link\"><span class=\"screen-reader-text\">Reiner Oley CV<\/span> weiterlesen <span class=\"meta-nav\">&rarr;<\/span><\/a><\/p>\n","protected":false},"author":1,"featured_media":0,"parent":92,"menu_order":0,"comment_status":"closed","ping_status":"closed","template":"","meta":[],"_links":{"self":[{"href":"http:\/\/blog.oley-iiv.de\/index.php?rest_route=\/wp\/v2\/pages\/86"}],"collection":[{"href":"http:\/\/blog.oley-iiv.de\/index.php?rest_route=\/wp\/v2\/pages"}],"about":[{"href":"http:\/\/blog.oley-iiv.de\/index.php?rest_route=\/wp\/v2\/types\/page"}],"author":[{"embeddable":true,"href":"http:\/\/blog.oley-iiv.de\/index.php?rest_route=\/wp\/v2\/users\/1"}],"replies":[{"embeddable":true,"href":"http:\/\/blog.oley-iiv.de\/index.php?rest_route=%2Fwp%2Fv2%2Fcomments&post=86"}],"version-history":[{"count":9,"href":"http:\/\/blog.oley-iiv.de\/index.php?rest_route=\/wp\/v2\/pages\/86\/revisions"}],"predecessor-version":[{"id":430,"href":"http:\/\/blog.oley-iiv.de\/index.php?rest_route=\/wp\/v2\/pages\/86\/revisions\/430"}],"up":[{"embeddable":true,"href":"http:\/\/blog.oley-iiv.de\/index.php?rest_route=\/wp\/v2\/pages\/92"}],"wp:attachment":[{"href":"http:\/\/blog.oley-iiv.de\/index.php?rest_route=%2Fwp%2Fv2%2Fmedia&parent=86"}],"curies":[{"name":"wp","href":"https:\/\/api.w.org\/{rel}","templated":true}]}}